{"id":893,"date":"2025-03-28T10:21:56","date_gmt":"2025-03-28T10:21:56","guid":{"rendered":"https:\/\/electricidadeaguas.pt\/?post_type=product&#038;p=893"},"modified":"2025-03-28T10:21:57","modified_gmt":"2025-03-28T10:21:57","slug":"catalogo-weidmulller-terminal-blocks-klippon-connect","status":"publish","type":"product","link":"https:\/\/electricidadeaguas.pt\/?product=catalogo-weidmulller-terminal-blocks-klippon-connect","title":{"rendered":"Cat\u00e1logo Weidmulller &#8211; Terminal blocks Klippon\u00ae Connect"},"content":{"rendered":"<p>O cat\u00e1logo <strong data-start=\"11\" data-end=\"60\">Weidm\u00fcller &#8211; Terminal Blocks Klippon\u00ae Connect<\/strong> apresenta uma linha inovadora de blocos de terminais de alta qualidade, projetados para oferecer conex\u00f5es seguras e eficientes em sistemas el\u00e9tricos industriais. A s\u00e9rie <strong data-start=\"231\" data-end=\"251\">Klippon\u00ae Connect<\/strong> combina robustez, flexibilidade e facilidade de uso, proporcionando uma instala\u00e7\u00e3o simples e r\u00e1pida, al\u00e9m de garantir a m\u00e1xima confiabilidade nas conex\u00f5es.<\/p>\n<p>Com uma vasta gama de op\u00e7\u00f5es, desde terminais de parafuso at\u00e9 solu\u00e7\u00f5es de conex\u00e3o sem ferramentas, os blocos de terminais <strong data-start=\"530\" data-end=\"550\">Klippon\u00ae Connect<\/strong> s\u00e3o ideais para uma variedade de aplica\u00e7\u00f5es, incluindo quadros de distribui\u00e7\u00e3o, automa\u00e7\u00e3o industrial e sistemas de controle.<\/p>\n<p>A Weidm\u00fcller se destaca por sua aten\u00e7\u00e3o \u00e0 qualidade e seguran\u00e7a, assegurando que os produtos da linha <strong data-start=\"778\" data-end=\"798\">Klippon\u00ae Connect<\/strong> atendam aos mais altos padr\u00f5es de desempenho e resist\u00eancia, mesmo em ambientes industriais exigentes.<\/p>\n<p><a href=\"https:\/\/electrosiluz.pt\/wp-content\/uploads\/2024\/01\/bornes-Klippon%C2%AE-Connect-2023-compressed.pdf\">Terminal blocks Klippon\u00ae Connect<\/a><\/p>\n","protected":false},"excerpt":{"rendered":"<p>O cat\u00e1logo Weidm\u00fcller &#8211; Terminal Blocks Klippon\u00ae Connect apresenta uma linha inovadora de blocos de terminais de alta qualidade, projetados para oferecer conex\u00f5es seguras e eficientes em sistemas el\u00e9tricos industriais. A s\u00e9rie Klippon\u00ae Connect combina robustez, flexibilidade e facilidade de uso, proporcionando uma instala\u00e7\u00e3o simples e r\u00e1pida, al\u00e9m de garantir a m\u00e1xima confiabilidade nas conex\u00f5es.&hellip;&nbsp;<a href=\"https:\/\/electricidadeaguas.pt\/?product=catalogo-weidmulller-terminal-blocks-klippon-connect\" rel=\"bookmark\">Ler mais &raquo;<span class=\"screen-reader-text\">Cat\u00e1logo Weidmulller &#8211; Terminal blocks Klippon\u00ae Connect<\/span><\/a><\/p>\n","protected":false},"featured_media":894,"comment_status":"open","ping_status":"closed","template":"","meta":{"neve_meta_sidebar":"","neve_meta_container":"","neve_meta_enable_content_width":"off","neve_meta_content_width":100,"neve_meta_title_alignment":"","neve_meta_author_avatar":"","neve_post_elements_order":"","neve_meta_disable_header":"","neve_meta_disable_footer":"","neve_meta_disable_title":""},"product_brand":[],"product_cat":[47],"product_tag":[],"class_list":{"0":"post-893","1":"product","2":"type-product","3":"status-publish","4":"has-post-thumbnail","6":"product_cat-weidmuller","8":"first","9":"instock","10":"virtual","11":"product-type-simple"},"jetpack_sharing_enabled":true,"_links":{"self":[{"href":"https:\/\/electricidadeaguas.pt\/index.php?rest_route=\/wp\/v2\/product\/893","targetHints":{"allow":["GET"]}}],"collection":[{"href":"https:\/\/electricidadeaguas.pt\/index.php?rest_route=\/wp\/v2\/product"}],"about":[{"href":"https:\/\/electricidadeaguas.pt\/index.php?rest_route=\/wp\/v2\/types\/product"}],"replies":[{"embeddable":true,"href":"https:\/\/electricidadeaguas.pt\/index.php?rest_route=%2Fwp%2Fv2%2Fcomments&post=893"}],"wp:featuredmedia":[{"embeddable":true,"href":"https:\/\/electricidadeaguas.pt\/index.php?rest_route=\/wp\/v2\/media\/894"}],"wp:attachment":[{"href":"https:\/\/electricidadeaguas.pt\/index.php?rest_route=%2Fwp%2Fv2%2Fmedia&parent=893"}],"wp:term":[{"taxonomy":"product_brand","embeddable":true,"href":"https:\/\/electricidadeaguas.pt\/index.php?rest_route=%2Fwp%2Fv2%2Fproduct_brand&post=893"},{"taxonomy":"product_cat","embeddable":true,"href":"https:\/\/electricidadeaguas.pt\/index.php?rest_route=%2Fwp%2Fv2%2Fproduct_cat&post=893"},{"taxonomy":"product_tag","embeddable":true,"href":"https:\/\/electricidadeaguas.pt\/index.php?rest_route=%2Fwp%2Fv2%2Fproduct_tag&post=893"}],"curies":[{"name":"wp","href":"https:\/\/api.w.org\/{rel}","templated":true}]}}