{"id":896,"date":"2025-03-28T12:27:34","date_gmt":"2025-03-28T12:27:34","guid":{"rendered":"https:\/\/electricidadeaguas.pt\/?post_type=product&#038;p=896"},"modified":"2025-03-28T12:27:34","modified_gmt":"2025-03-28T12:27:34","slug":"catalogo-wago-wago-pluggable-connection-system-winsta","status":"publish","type":"product","link":"https:\/\/electricidadeaguas.pt\/?product=catalogo-wago-wago-pluggable-connection-system-winsta","title":{"rendered":"Cat\u00e1logo WAGO &#8211; WAGO Pluggable Connection System WINSTA\u00ae"},"content":{"rendered":"<p class=\"\" data-start=\"0\" data-end=\"376\">O <strong data-start=\"2\" data-end=\"46\">WAGO Pluggable Connection System WINSTA\u00ae<\/strong> \u00e9 uma solu\u00e7\u00e3o inovadora para conex\u00f5es el\u00e9tricas r\u00e1pidas e seguras, amplamente utilizada em instala\u00e7\u00f5es el\u00e9tricas e automa\u00e7\u00e3o. Esse sistema oferece uma forma eficiente de realizar conex\u00f5es el\u00e9tricas de forma modular e sem a necessidade de ferramentas especiais, tornando a instala\u00e7\u00e3o mais r\u00e1pida e com menor possibilidade de erro.<\/p>\n<p class=\"\" data-start=\"378\" data-end=\"664\">O sistema WINSTA\u00ae \u00e9 projetado para uma variedade de aplica\u00e7\u00f5es, como automa\u00e7\u00e3o industrial, constru\u00e7\u00e3o de m\u00e1quinas e instala\u00e7\u00f5es prediais. Ele \u00e9 conhecido pela sua alta confiabilidade, durabilidade e flexibilidade, permitindo aos profissionais realizar conex\u00f5es de forma segura e eficaz.<\/p>\n<h3 class=\"\" data-start=\"666\" data-end=\"708\">Principais caracter\u00edsticas do WINSTA\u00ae:<\/h3>\n<ul data-start=\"709\" data-end=\"1570\">\n<li class=\"\" data-start=\"709\" data-end=\"904\">\n<p class=\"\" data-start=\"711\" data-end=\"904\"><strong data-start=\"711\" data-end=\"749\">Conex\u00f5es r\u00e1pidas e sem ferramentas<\/strong>: O sistema oferece uma forma de conectar cabos de maneira simples e sem a necessidade de ferramentas adicionais, o que facilita a instala\u00e7\u00e3o e manuten\u00e7\u00e3o.<\/p>\n<\/li>\n<li class=\"\" data-start=\"905\" data-end=\"1072\">\n<p class=\"\" data-start=\"907\" data-end=\"1072\"><strong data-start=\"907\" data-end=\"939\">Alta seguran\u00e7a e fiabilidade<\/strong>: As conex\u00f5es s\u00e3o feitas de forma segura e eficiente, com sistemas de bloqueio que garantem que as conex\u00f5es n\u00e3o se soltem facilmente.<\/p>\n<\/li>\n<li class=\"\" data-start=\"1073\" data-end=\"1232\">\n<p class=\"\" data-start=\"1075\" data-end=\"1232\"><strong data-start=\"1075\" data-end=\"1091\">Modularidade<\/strong>: O sistema \u00e9 altamente modular, permitindo a flexibilidade de adaptar as conex\u00f5es de acordo com as necessidades espec\u00edficas de cada projeto.<\/p>\n<\/li>\n<li class=\"\" data-start=\"1233\" data-end=\"1416\">\n<p class=\"\" data-start=\"1235\" data-end=\"1416\"><strong data-start=\"1235\" data-end=\"1272\">Diversidade de tipos de terminais<\/strong>: O WINSTA\u00ae oferece uma variedade de terminais, incluindo vers\u00f5es de 2, 3, 4 e at\u00e9 mais polos, permitindo uma grande variedade de configura\u00e7\u00f5es.<\/p>\n<\/li>\n<li class=\"\" data-start=\"1417\" data-end=\"1570\">\n<p class=\"\" data-start=\"1419\" data-end=\"1570\"><strong data-start=\"1419\" data-end=\"1447\">Design robusto e dur\u00e1vel<\/strong>: Os componentes s\u00e3o fabricados com materiais de alta qualidade, garantindo longevidade e resist\u00eancia a condi\u00e7\u00f5es adversas.<\/p>\n<\/li>\n<\/ul>\n<p><a href=\"http:\/\/electricidadeaguas.pt\/wp-content\/uploads\/2025\/03\/Catalogo-WAGO-WAGO-Pluggable-Connection-System-WINSTA\u00ae.pdf\">Cat\u00e1logo WAGO &#8211; WAGO Pluggable Connection System WINSTA\u00ae<\/a><\/p>\n","protected":false},"excerpt":{"rendered":"<p>O WAGO Pluggable Connection System WINSTA\u00ae \u00e9 uma solu\u00e7\u00e3o inovadora para conex\u00f5es el\u00e9tricas r\u00e1pidas e seguras, amplamente utilizada em instala\u00e7\u00f5es el\u00e9tricas e automa\u00e7\u00e3o. Esse sistema oferece uma forma eficiente de realizar conex\u00f5es el\u00e9tricas de forma modular e sem a necessidade de ferramentas especiais, tornando a instala\u00e7\u00e3o mais r\u00e1pida e com menor possibilidade de erro. O&hellip;&nbsp;<a href=\"https:\/\/electricidadeaguas.pt\/?product=catalogo-wago-wago-pluggable-connection-system-winsta\" rel=\"bookmark\">Ler mais &raquo;<span class=\"screen-reader-text\">Cat\u00e1logo WAGO &#8211; WAGO Pluggable Connection System WINSTA\u00ae<\/span><\/a><\/p>\n","protected":false},"featured_media":898,"comment_status":"open","ping_status":"closed","template":"","meta":{"neve_meta_sidebar":"","neve_meta_container":"","neve_meta_enable_content_width":"off","neve_meta_content_width":100,"neve_meta_title_alignment":"","neve_meta_author_avatar":"","neve_post_elements_order":"","neve_meta_disable_header":"","neve_meta_disable_footer":"","neve_meta_disable_title":""},"product_brand":[],"product_cat":[48],"product_tag":[],"class_list":{"0":"post-896","1":"product","2":"type-product","3":"status-publish","4":"has-post-thumbnail","6":"product_cat-wago","8":"first","9":"instock","10":"virtual","11":"product-type-simple"},"jetpack_sharing_enabled":true,"_links":{"self":[{"href":"https:\/\/electricidadeaguas.pt\/index.php?rest_route=\/wp\/v2\/product\/896","targetHints":{"allow":["GET"]}}],"collection":[{"href":"https:\/\/electricidadeaguas.pt\/index.php?rest_route=\/wp\/v2\/product"}],"about":[{"href":"https:\/\/electricidadeaguas.pt\/index.php?rest_route=\/wp\/v2\/types\/product"}],"replies":[{"embeddable":true,"href":"https:\/\/electricidadeaguas.pt\/index.php?rest_route=%2Fwp%2Fv2%2Fcomments&post=896"}],"wp:featuredmedia":[{"embeddable":true,"href":"https:\/\/electricidadeaguas.pt\/index.php?rest_route=\/wp\/v2\/media\/898"}],"wp:attachment":[{"href":"https:\/\/electricidadeaguas.pt\/index.php?rest_route=%2Fwp%2Fv2%2Fmedia&parent=896"}],"wp:term":[{"taxonomy":"product_brand","embeddable":true,"href":"https:\/\/electricidadeaguas.pt\/index.php?rest_route=%2Fwp%2Fv2%2Fproduct_brand&post=896"},{"taxonomy":"product_cat","embeddable":true,"href":"https:\/\/electricidadeaguas.pt\/index.php?rest_route=%2Fwp%2Fv2%2Fproduct_cat&post=896"},{"taxonomy":"product_tag","embeddable":true,"href":"https:\/\/electricidadeaguas.pt\/index.php?rest_route=%2Fwp%2Fv2%2Fproduct_tag&post=896"}],"curies":[{"name":"wp","href":"https:\/\/api.w.org\/{rel}","templated":true}]}}