{"id":901,"date":"2025-03-28T12:37:47","date_gmt":"2025-03-28T12:37:47","guid":{"rendered":"https:\/\/electricidadeaguas.pt\/?post_type=product&#038;p=901"},"modified":"2025-03-28T12:37:47","modified_gmt":"2025-03-28T12:37:47","slug":"catalogo-wago-power-supplies","status":"publish","type":"product","link":"https:\/\/electricidadeaguas.pt\/?product=catalogo-wago-power-supplies","title":{"rendered":"Cat\u00e1logo WAGO &#8211; Power Supplies"},"content":{"rendered":"<p class=\"\" data-start=\"0\" data-end=\"401\">O <strong data-start=\"2\" data-end=\"44\">cat\u00e1logo WAGO de fontes de alimenta\u00e7\u00e3o<\/strong> oferece solu\u00e7\u00f5es de alta qualidade e efici\u00eancia para garantir a energia necess\u00e1ria para diversos sistemas e aplica\u00e7\u00f5es industriais, automa\u00e7\u00e3o e controle. As fontes de alimenta\u00e7\u00e3o WAGO s\u00e3o projetadas para fornecer um fornecimento de energia confi\u00e1vel, seguro e eficiente, com uma vasta gama de modelos adequados a diferentes requisitos de tens\u00e3o e pot\u00eancia.<\/p>\n<h3 class=\"\" data-start=\"403\" data-end=\"469\">Principais caracter\u00edsticas das <strong data-start=\"438\" data-end=\"468\">Fontes de Alimenta\u00e7\u00e3o WAGO<\/strong>:<\/h3>\n<ol data-start=\"470\" data-end=\"2035\">\n<li class=\"\" data-start=\"470\" data-end=\"718\">\n<p class=\"\" data-start=\"473\" data-end=\"718\"><strong data-start=\"473\" data-end=\"520\">Alta confiabilidade e efici\u00eancia energ\u00e9tica<\/strong>: As fontes de alimenta\u00e7\u00e3o WAGO s\u00e3o conhecidas pela sua excelente fiabilidade e efici\u00eancia. Elas asseguram um fornecimento de energia cont\u00ednuo e sem falhas, mesmo em condi\u00e7\u00f5es de opera\u00e7\u00e3o exigentes.<\/p>\n<\/li>\n<li class=\"\" data-start=\"719\" data-end=\"946\">\n<p class=\"\" data-start=\"722\" data-end=\"946\"><strong data-start=\"722\" data-end=\"745\">Tecnologia de ponta<\/strong>: As fontes de alimenta\u00e7\u00e3o WAGO utilizam tecnologia avan\u00e7ada para garantir a m\u00e1xima efici\u00eancia e a redu\u00e7\u00e3o de desperd\u00edcio energ\u00e9tico. Isso contribui para a redu\u00e7\u00e3o de custos operacionais a longo prazo.<\/p>\n<\/li>\n<li class=\"\" data-start=\"947\" data-end=\"1140\">\n<p class=\"\" data-start=\"950\" data-end=\"1140\"><strong data-start=\"950\" data-end=\"981\">Compacta\u00e7\u00e3o e flexibilidade<\/strong>: A WAGO oferece fontes de alimenta\u00e7\u00e3o com designs compactos, ideais para espa\u00e7os limitados em pain\u00e9is el\u00e9tricos, mas sem comprometer a pot\u00eancia ou desempenho.<\/p>\n<\/li>\n<li class=\"\" data-start=\"1141\" data-end=\"1374\">\n<p class=\"\" data-start=\"1144\" data-end=\"1374\"><strong data-start=\"1144\" data-end=\"1180\">Variedade de tens\u00f5es e pot\u00eancias<\/strong>: A WAGO disponibiliza uma gama de fontes de alimenta\u00e7\u00e3o, desde modelos de 12V, 24V, at\u00e9 tens\u00f5es mais altas, com v\u00e1rias capacidades de corrente, para atender a diferentes aplica\u00e7\u00f5es industriais.<\/p>\n<\/li>\n<li class=\"\" data-start=\"1375\" data-end=\"1598\">\n<p class=\"\" data-start=\"1378\" data-end=\"1598\"><strong data-start=\"1378\" data-end=\"1406\">Facilidade de instala\u00e7\u00e3o<\/strong>: As fontes de alimenta\u00e7\u00e3o WAGO s\u00e3o projetadas para facilitar a instala\u00e7\u00e3o e a manuten\u00e7\u00e3o, com terminais de f\u00e1cil conex\u00e3o e sistemas modulares que permitem uma adapta\u00e7\u00e3o r\u00e1pida ao seu sistema.<\/p>\n<\/li>\n<li class=\"\" data-start=\"1599\" data-end=\"1787\">\n<p class=\"\" data-start=\"1602\" data-end=\"1787\"><strong data-start=\"1602\" data-end=\"1649\">Prote\u00e7\u00e3o contra sobrecarga e curto-circuito<\/strong>: Elas oferecem prote\u00e7\u00f5es autom\u00e1ticas contra sobrecarga, curto-circuito e temperaturas elevadas, garantindo uma opera\u00e7\u00e3o segura e est\u00e1vel.<\/p>\n<\/li>\n<li class=\"\" data-start=\"1788\" data-end=\"2035\">\n<p class=\"\" data-start=\"1791\" data-end=\"2035\"><strong data-start=\"1791\" data-end=\"1823\">Certifica\u00e7\u00f5es e conformidade<\/strong>: As fontes de alimenta\u00e7\u00e3o WAGO s\u00e3o fabricadas de acordo com as normas internacionais de seguran\u00e7a e qualidade, como CE, UL e IEC, garantindo a sua conformidade com os requisitos regulamentares em v\u00e1rias regi\u00f5es.<\/p>\n<\/li>\n<\/ol>\n<p><a href=\"http:\/\/electricidadeaguas.pt\/wp-content\/uploads\/2025\/03\/Catalogo-WAGO-Power-Supplies.pdf\">Cat\u00e1logo WAGO &#8211; Power Supplies<\/a><\/p>\n","protected":false},"excerpt":{"rendered":"<p>O cat\u00e1logo WAGO de fontes de alimenta\u00e7\u00e3o oferece solu\u00e7\u00f5es de alta qualidade e efici\u00eancia para garantir a energia necess\u00e1ria para diversos sistemas e aplica\u00e7\u00f5es industriais, automa\u00e7\u00e3o e controle. As fontes de alimenta\u00e7\u00e3o WAGO s\u00e3o projetadas para fornecer um fornecimento de energia confi\u00e1vel, seguro e eficiente, com uma vasta gama de modelos adequados a diferentes requisitos&hellip;&nbsp;<a href=\"https:\/\/electricidadeaguas.pt\/?product=catalogo-wago-power-supplies\" rel=\"bookmark\">Ler mais &raquo;<span class=\"screen-reader-text\">Cat\u00e1logo WAGO &#8211; Power Supplies<\/span><\/a><\/p>\n","protected":false},"featured_media":903,"comment_status":"open","ping_status":"closed","template":"","meta":{"neve_meta_sidebar":"","neve_meta_container":"","neve_meta_enable_content_width":"off","neve_meta_content_width":100,"neve_meta_title_alignment":"","neve_meta_author_avatar":"","neve_post_elements_order":"","neve_meta_disable_header":"","neve_meta_disable_footer":"","neve_meta_disable_title":""},"product_brand":[],"product_cat":[48],"product_tag":[],"class_list":{"0":"post-901","1":"product","2":"type-product","3":"status-publish","4":"has-post-thumbnail","6":"product_cat-wago","8":"first","9":"instock","10":"virtual","11":"product-type-simple"},"jetpack_sharing_enabled":true,"_links":{"self":[{"href":"https:\/\/electricidadeaguas.pt\/index.php?rest_route=\/wp\/v2\/product\/901","targetHints":{"allow":["GET"]}}],"collection":[{"href":"https:\/\/electricidadeaguas.pt\/index.php?rest_route=\/wp\/v2\/product"}],"about":[{"href":"https:\/\/electricidadeaguas.pt\/index.php?rest_route=\/wp\/v2\/types\/product"}],"replies":[{"embeddable":true,"href":"https:\/\/electricidadeaguas.pt\/index.php?rest_route=%2Fwp%2Fv2%2Fcomments&post=901"}],"wp:featuredmedia":[{"embeddable":true,"href":"https:\/\/electricidadeaguas.pt\/index.php?rest_route=\/wp\/v2\/media\/903"}],"wp:attachment":[{"href":"https:\/\/electricidadeaguas.pt\/index.php?rest_route=%2Fwp%2Fv2%2Fmedia&parent=901"}],"wp:term":[{"taxonomy":"product_brand","embeddable":true,"href":"https:\/\/electricidadeaguas.pt\/index.php?rest_route=%2Fwp%2Fv2%2Fproduct_brand&post=901"},{"taxonomy":"product_cat","embeddable":true,"href":"https:\/\/electricidadeaguas.pt\/index.php?rest_route=%2Fwp%2Fv2%2Fproduct_cat&post=901"},{"taxonomy":"product_tag","embeddable":true,"href":"https:\/\/electricidadeaguas.pt\/index.php?rest_route=%2Fwp%2Fv2%2Fproduct_tag&post=901"}],"curies":[{"name":"wp","href":"https:\/\/api.w.org\/{rel}","templated":true}]}}