{"id":912,"date":"2025-03-28T14:22:38","date_gmt":"2025-03-28T14:22:38","guid":{"rendered":"https:\/\/electricidadeaguas.pt\/?post_type=product&#038;p=912"},"modified":"2025-03-28T14:22:39","modified_gmt":"2025-03-28T14:22:39","slug":"catalogo-wago-automation-technology","status":"publish","type":"product","link":"https:\/\/electricidadeaguas.pt\/?product=catalogo-wago-automation-technology","title":{"rendered":"Cat\u00e1logo WAGO &#8211; Automation Technology"},"content":{"rendered":"<p>O <strong data-start=\"2\" data-end=\"46\">cat\u00e1logo WAGO de Tecnologia de Automa\u00e7\u00e3o<\/strong> oferece uma ampla gama de produtos e solu\u00e7\u00f5es inovadoras para automa\u00e7\u00e3o industrial, infraestrutura predial e controle de processos. Com um portf\u00f3lio robusto que inclui <strong data-start=\"215\" data-end=\"291\">controladores (PLCs), m\u00f3dulos de I\/O, software e sistemas de comunica\u00e7\u00e3o<\/strong>, a WAGO \u00e9 refer\u00eancia em conectividade segura, flex\u00edvel e eficiente para diversos setores industriais.<\/p>\n<p><a href=\"https:\/\/electrosiluz.pt\/wp-content\/uploads\/2024\/07\/WAGO-Automation-Technology-2023-2024-60521213_compressed.pdf\">Cat\u00e1logo WAGO &#8211; Automation Technology<\/a><\/p>\n","protected":false},"excerpt":{"rendered":"<p>O cat\u00e1logo WAGO de Tecnologia de Automa\u00e7\u00e3o oferece uma ampla gama de produtos e solu\u00e7\u00f5es inovadoras para automa\u00e7\u00e3o industrial, infraestrutura predial e controle de processos. Com um portf\u00f3lio robusto que inclui controladores (PLCs), m\u00f3dulos de I\/O, software e sistemas de comunica\u00e7\u00e3o, a WAGO \u00e9 refer\u00eancia em conectividade segura, flex\u00edvel e eficiente para diversos setores industriais.&hellip;&nbsp;<a href=\"https:\/\/electricidadeaguas.pt\/?product=catalogo-wago-automation-technology\" rel=\"bookmark\">Ler mais &raquo;<span class=\"screen-reader-text\">Cat\u00e1logo WAGO &#8211; Automation Technology<\/span><\/a><\/p>\n","protected":false},"featured_media":913,"comment_status":"open","ping_status":"closed","template":"","meta":{"neve_meta_sidebar":"","neve_meta_container":"","neve_meta_enable_content_width":"off","neve_meta_content_width":100,"neve_meta_title_alignment":"","neve_meta_author_avatar":"","neve_post_elements_order":"","neve_meta_disable_header":"","neve_meta_disable_footer":"","neve_meta_disable_title":""},"product_brand":[],"product_cat":[48],"product_tag":[],"class_list":{"0":"post-912","1":"product","2":"type-product","3":"status-publish","4":"has-post-thumbnail","6":"product_cat-wago","8":"first","9":"instock","10":"virtual","11":"product-type-simple"},"jetpack_sharing_enabled":true,"_links":{"self":[{"href":"https:\/\/electricidadeaguas.pt\/index.php?rest_route=\/wp\/v2\/product\/912","targetHints":{"allow":["GET"]}}],"collection":[{"href":"https:\/\/electricidadeaguas.pt\/index.php?rest_route=\/wp\/v2\/product"}],"about":[{"href":"https:\/\/electricidadeaguas.pt\/index.php?rest_route=\/wp\/v2\/types\/product"}],"replies":[{"embeddable":true,"href":"https:\/\/electricidadeaguas.pt\/index.php?rest_route=%2Fwp%2Fv2%2Fcomments&post=912"}],"wp:featuredmedia":[{"embeddable":true,"href":"https:\/\/electricidadeaguas.pt\/index.php?rest_route=\/wp\/v2\/media\/913"}],"wp:attachment":[{"href":"https:\/\/electricidadeaguas.pt\/index.php?rest_route=%2Fwp%2Fv2%2Fmedia&parent=912"}],"wp:term":[{"taxonomy":"product_brand","embeddable":true,"href":"https:\/\/electricidadeaguas.pt\/index.php?rest_route=%2Fwp%2Fv2%2Fproduct_brand&post=912"},{"taxonomy":"product_cat","embeddable":true,"href":"https:\/\/electricidadeaguas.pt\/index.php?rest_route=%2Fwp%2Fv2%2Fproduct_cat&post=912"},{"taxonomy":"product_tag","embeddable":true,"href":"https:\/\/electricidadeaguas.pt\/index.php?rest_route=%2Fwp%2Fv2%2Fproduct_tag&post=912"}],"curies":[{"name":"wp","href":"https:\/\/api.w.org\/{rel}","templated":true}]}}