{"id":914,"date":"2025-03-28T14:30:37","date_gmt":"2025-03-28T14:30:37","guid":{"rendered":"https:\/\/electricidadeaguas.pt\/?post_type=product&#038;p=914"},"modified":"2025-03-28T14:30:38","modified_gmt":"2025-03-28T14:30:38","slug":"catalogo-wago-interface-electronics","status":"publish","type":"product","link":"https:\/\/electricidadeaguas.pt\/?product=catalogo-wago-interface-electronics","title":{"rendered":"Cat\u00e1logo WAGO &#8211; Interface Electronics"},"content":{"rendered":"<p>O <strong data-start=\"2\" data-end=\"70\">cat\u00e1logo WAGO de Eletr\u00f4nica de Interface (Interface Electronics)<\/strong> apresenta solu\u00e7\u00f5es inovadoras para garantir <strong data-start=\"115\" data-end=\"198\">transmiss\u00e3o de sinais, convers\u00e3o, isolamento e fontes de alimenta\u00e7\u00e3o confi\u00e1veis<\/strong> em sistemas el\u00e9tricos e de automa\u00e7\u00e3o. A WAGO oferece produtos de alta qualidade para integra\u00e7\u00e3o segura e eficiente de componentes eletr\u00f4nicos em <strong data-start=\"344\" data-end=\"411\">quadros el\u00e9tricos, pain\u00e9is de controle e aplica\u00e7\u00f5es industriais<\/strong>.<\/p>\n<p><a href=\"http:\/\/electricidadeaguas.pt\/wp-content\/uploads\/2025\/03\/Catalogo-WAGO-Interface-Electronics.pdf\">Cat\u00e1logo WAGO &#8211; Interface Electronics<\/a><\/p>\n","protected":false},"excerpt":{"rendered":"<p>O cat\u00e1logo WAGO de Eletr\u00f4nica de Interface (Interface Electronics) apresenta solu\u00e7\u00f5es inovadoras para garantir transmiss\u00e3o de sinais, convers\u00e3o, isolamento e fontes de alimenta\u00e7\u00e3o confi\u00e1veis em sistemas el\u00e9tricos e de automa\u00e7\u00e3o. A WAGO oferece produtos de alta qualidade para integra\u00e7\u00e3o segura e eficiente de componentes eletr\u00f4nicos em quadros el\u00e9tricos, pain\u00e9is de controle e aplica\u00e7\u00f5es industriais. Cat\u00e1logo&hellip;&nbsp;<a href=\"https:\/\/electricidadeaguas.pt\/?product=catalogo-wago-interface-electronics\" rel=\"bookmark\">Ler mais &raquo;<span class=\"screen-reader-text\">Cat\u00e1logo WAGO &#8211; Interface Electronics<\/span><\/a><\/p>\n","protected":false},"featured_media":916,"comment_status":"open","ping_status":"closed","template":"","meta":{"neve_meta_sidebar":"","neve_meta_container":"","neve_meta_enable_content_width":"off","neve_meta_content_width":100,"neve_meta_title_alignment":"","neve_meta_author_avatar":"","neve_post_elements_order":"","neve_meta_disable_header":"","neve_meta_disable_footer":"","neve_meta_disable_title":""},"product_brand":[],"product_cat":[48],"product_tag":[],"class_list":{"0":"post-914","1":"product","2":"type-product","3":"status-publish","4":"has-post-thumbnail","6":"product_cat-wago","8":"first","9":"instock","10":"virtual","11":"product-type-simple"},"jetpack_sharing_enabled":true,"_links":{"self":[{"href":"https:\/\/electricidadeaguas.pt\/index.php?rest_route=\/wp\/v2\/product\/914","targetHints":{"allow":["GET"]}}],"collection":[{"href":"https:\/\/electricidadeaguas.pt\/index.php?rest_route=\/wp\/v2\/product"}],"about":[{"href":"https:\/\/electricidadeaguas.pt\/index.php?rest_route=\/wp\/v2\/types\/product"}],"replies":[{"embeddable":true,"href":"https:\/\/electricidadeaguas.pt\/index.php?rest_route=%2Fwp%2Fv2%2Fcomments&post=914"}],"wp:featuredmedia":[{"embeddable":true,"href":"https:\/\/electricidadeaguas.pt\/index.php?rest_route=\/wp\/v2\/media\/916"}],"wp:attachment":[{"href":"https:\/\/electricidadeaguas.pt\/index.php?rest_route=%2Fwp%2Fv2%2Fmedia&parent=914"}],"wp:term":[{"taxonomy":"product_brand","embeddable":true,"href":"https:\/\/electricidadeaguas.pt\/index.php?rest_route=%2Fwp%2Fv2%2Fproduct_brand&post=914"},{"taxonomy":"product_cat","embeddable":true,"href":"https:\/\/electricidadeaguas.pt\/index.php?rest_route=%2Fwp%2Fv2%2Fproduct_cat&post=914"},{"taxonomy":"product_tag","embeddable":true,"href":"https:\/\/electricidadeaguas.pt\/index.php?rest_route=%2Fwp%2Fv2%2Fproduct_tag&post=914"}],"curies":[{"name":"wp","href":"https:\/\/api.w.org\/{rel}","templated":true}]}}