{"id":917,"date":"2025-03-28T14:38:58","date_gmt":"2025-03-28T14:38:58","guid":{"rendered":"https:\/\/electricidadeaguas.pt\/?post_type=product&#038;p=917"},"modified":"2025-03-28T14:38:59","modified_gmt":"2025-03-28T14:38:59","slug":"catalogo-wago-marking","status":"publish","type":"product","link":"https:\/\/electricidadeaguas.pt\/?product=catalogo-wago-marking","title":{"rendered":"Cat\u00e1logo WAGO &#8211; Marking"},"content":{"rendered":"<p class=\"\" data-start=\"0\" data-end=\"374\">O <strong data-start=\"2\" data-end=\"41\">cat\u00e1logo WAGO de Marca\u00e7\u00e3o (Marking)<\/strong> inclui uma ampla gama de solu\u00e7\u00f5es para <strong data-start=\"81\" data-end=\"173\">identifica\u00e7\u00e3o e rotulagem de cabos, bornes, equipamentos el\u00e9tricos e pain\u00e9is de controle<\/strong>. Com sistemas de marca\u00e7\u00e3o eficientes, a WAGO garante <strong data-start=\"227\" data-end=\"268\">organiza\u00e7\u00e3o, seguran\u00e7a e conformidade<\/strong> com os padr\u00f5es industriais, facilitando a manuten\u00e7\u00e3o e instala\u00e7\u00e3o de sistemas el\u00e9tricos e de automa\u00e7\u00e3o.<\/p>\n<hr class=\"\" data-start=\"376\" data-end=\"379\" \/>\n<h2 class=\"\" data-start=\"381\" data-end=\"431\"><strong data-start=\"384\" data-end=\"429\">Principais produtos da linha WAGO Marking<\/strong><\/h2>\n<h3 class=\"\" data-start=\"433\" data-end=\"491\"><strong data-start=\"437\" data-end=\"489\">1. Sistemas de Marca\u00e7\u00e3o para Bornes e Conectores<\/strong><\/h3>\n<ul data-start=\"492\" data-end=\"735\">\n<li class=\"\" data-start=\"492\" data-end=\"570\">\n<p class=\"\" data-start=\"494\" data-end=\"570\"><strong data-start=\"494\" data-end=\"533\">Etiquetas para bornes e trilhos DIN<\/strong> compat\u00edveis com toda a linha WAGO.<\/p>\n<\/li>\n<li class=\"\" data-start=\"571\" data-end=\"647\">\n<p class=\"\" data-start=\"573\" data-end=\"647\"><strong data-start=\"573\" data-end=\"620\">Cart\u00f5es de marca\u00e7\u00e3o padr\u00e3o e personalizados<\/strong> para conex\u00f5es el\u00e9tricas.<\/p>\n<\/li>\n<li class=\"\" data-start=\"648\" data-end=\"735\">\n<p class=\"\" data-start=\"650\" data-end=\"735\"><strong data-start=\"650\" data-end=\"687\">Codifica\u00e7\u00e3o por cores e numera\u00e7\u00e3o<\/strong> para facilitar a identifica\u00e7\u00e3o dos circuitos.<\/p>\n<\/li>\n<\/ul>\n<hr class=\"\" data-start=\"737\" data-end=\"740\" \/>\n<h3 class=\"\" data-start=\"742\" data-end=\"784\"><strong data-start=\"746\" data-end=\"782\">2. Identifica\u00e7\u00e3o de Cabos e Fios<\/strong><\/h3>\n<ul data-start=\"785\" data-end=\"1067\">\n<li class=\"\" data-start=\"785\" data-end=\"890\">\n<p class=\"\" data-start=\"787\" data-end=\"890\"><strong data-start=\"787\" data-end=\"831\">Marcadores de cabos e etiquetas adesivas<\/strong> resistentes a temperaturas extremas e produtos qu\u00edmicos.<\/p>\n<\/li>\n<li class=\"\" data-start=\"891\" data-end=\"978\">\n<p class=\"\" data-start=\"893\" data-end=\"978\"><strong data-start=\"893\" data-end=\"930\">Identifica\u00e7\u00e3o por c\u00f3digo de cores<\/strong> para diferencia\u00e7\u00e3o r\u00e1pida de fios e conex\u00f5es.<\/p>\n<\/li>\n<li class=\"\" data-start=\"979\" data-end=\"1067\">\n<p class=\"\" data-start=\"981\" data-end=\"1067\"><strong data-start=\"981\" data-end=\"1024\">Solu\u00e7\u00f5es para impress\u00e3o t\u00e9rmica e laser<\/strong>, garantindo durabilidade e legibilidade.<\/p>\n<\/li>\n<\/ul>\n<hr class=\"\" data-start=\"1069\" data-end=\"1072\" \/>\n<h3 class=\"\" data-start=\"1074\" data-end=\"1122\"><strong data-start=\"1078\" data-end=\"1120\">3. Impressoras e Softwares de Marca\u00e7\u00e3o<\/strong><\/h3>\n<ul data-start=\"1123\" data-end=\"1412\">\n<li class=\"\" data-start=\"1123\" data-end=\"1209\">\n<p class=\"\" data-start=\"1125\" data-end=\"1209\"><strong data-start=\"1125\" data-end=\"1165\">Impressoras de etiquetas industriais<\/strong> para criar identifica\u00e7\u00f5es personalizadas.<\/p>\n<\/li>\n<li class=\"\" data-start=\"1210\" data-end=\"1318\">\n<p class=\"\" data-start=\"1212\" data-end=\"1318\"><strong data-start=\"1212\" data-end=\"1263\">Softwares compat\u00edveis com sistemas de automa\u00e7\u00e3o<\/strong>, permitindo integra\u00e7\u00e3o com CAD e listas de cablagem.<\/p>\n<\/li>\n<li class=\"\" data-start=\"1319\" data-end=\"1412\">\n<p class=\"\" data-start=\"1321\" data-end=\"1412\"><strong data-start=\"1321\" data-end=\"1371\">Op\u00e7\u00f5es de impress\u00e3o em pl\u00e1stico, metal e papel<\/strong>, adapt\u00e1veis a diferentes necessidades.<\/p>\n<\/li>\n<\/ul>\n<hr class=\"\" data-start=\"1414\" data-end=\"1417\" \/>\n<h3 class=\"\" data-start=\"1419\" data-end=\"1478\"><strong data-start=\"1423\" data-end=\"1476\">4. Placas de Identifica\u00e7\u00e3o e R\u00f3tulos para Pain\u00e9is<\/strong><\/h3>\n<ul data-start=\"1479\" data-end=\"1754\">\n<li class=\"\" data-start=\"1479\" data-end=\"1581\">\n<p class=\"\" data-start=\"1481\" data-end=\"1581\"><strong data-start=\"1481\" data-end=\"1521\">Placas gravadas e etiquetas adesivas<\/strong> para marca\u00e7\u00e3o de bot\u00f5es, disjuntores e pain\u00e9is el\u00e9tricos.<\/p>\n<\/li>\n<li class=\"\" data-start=\"1582\" data-end=\"1673\">\n<p class=\"\" data-start=\"1584\" data-end=\"1673\"><strong data-start=\"1584\" data-end=\"1624\">Materiais resistentes a UV e abras\u00e3o<\/strong>, ideais para ambientes industriais e externos.<\/p>\n<\/li>\n<li class=\"\" data-start=\"1674\" data-end=\"1754\">\n<p class=\"\" data-start=\"1676\" data-end=\"1754\"><strong data-start=\"1676\" data-end=\"1751\">Personaliza\u00e7\u00e3o com logotipos, s\u00edmbolos el\u00e9tricos e informa\u00e7\u00f5es t\u00e9cnicas<\/strong>.<\/p>\n<\/li>\n<\/ul>\n<p><a href=\"http:\/\/electricidadeaguas.pt\/wp-content\/uploads\/2025\/03\/Catalogo-WAGO-Marking.pdf\">Cat\u00e1logo WAGO &#8211; Marking<\/a><\/p>\n","protected":false},"excerpt":{"rendered":"<p>O cat\u00e1logo WAGO de Marca\u00e7\u00e3o (Marking) inclui uma ampla gama de solu\u00e7\u00f5es para identifica\u00e7\u00e3o e rotulagem de cabos, bornes, equipamentos el\u00e9tricos e pain\u00e9is de controle. Com sistemas de marca\u00e7\u00e3o eficientes, a WAGO garante organiza\u00e7\u00e3o, seguran\u00e7a e conformidade com os padr\u00f5es industriais, facilitando a manuten\u00e7\u00e3o e instala\u00e7\u00e3o de sistemas el\u00e9tricos e de automa\u00e7\u00e3o. Principais produtos da&hellip;&nbsp;<a href=\"https:\/\/electricidadeaguas.pt\/?product=catalogo-wago-marking\" rel=\"bookmark\">Ler mais &raquo;<span class=\"screen-reader-text\">Cat\u00e1logo WAGO &#8211; Marking<\/span><\/a><\/p>\n","protected":false},"featured_media":919,"comment_status":"open","ping_status":"closed","template":"","meta":{"neve_meta_sidebar":"","neve_meta_container":"","neve_meta_enable_content_width":"off","neve_meta_content_width":100,"neve_meta_title_alignment":"","neve_meta_author_avatar":"","neve_post_elements_order":"","neve_meta_disable_header":"","neve_meta_disable_footer":"","neve_meta_disable_title":""},"product_brand":[],"product_cat":[48],"product_tag":[],"class_list":{"0":"post-917","1":"product","2":"type-product","3":"status-publish","4":"has-post-thumbnail","6":"product_cat-wago","8":"first","9":"instock","10":"virtual","11":"product-type-simple"},"jetpack_sharing_enabled":true,"_links":{"self":[{"href":"https:\/\/electricidadeaguas.pt\/index.php?rest_route=\/wp\/v2\/product\/917","targetHints":{"allow":["GET"]}}],"collection":[{"href":"https:\/\/electricidadeaguas.pt\/index.php?rest_route=\/wp\/v2\/product"}],"about":[{"href":"https:\/\/electricidadeaguas.pt\/index.php?rest_route=\/wp\/v2\/types\/product"}],"replies":[{"embeddable":true,"href":"https:\/\/electricidadeaguas.pt\/index.php?rest_route=%2Fwp%2Fv2%2Fcomments&post=917"}],"wp:featuredmedia":[{"embeddable":true,"href":"https:\/\/electricidadeaguas.pt\/index.php?rest_route=\/wp\/v2\/media\/919"}],"wp:attachment":[{"href":"https:\/\/electricidadeaguas.pt\/index.php?rest_route=%2Fwp%2Fv2%2Fmedia&parent=917"}],"wp:term":[{"taxonomy":"product_brand","embeddable":true,"href":"https:\/\/electricidadeaguas.pt\/index.php?rest_route=%2Fwp%2Fv2%2Fproduct_brand&post=917"},{"taxonomy":"product_cat","embeddable":true,"href":"https:\/\/electricidadeaguas.pt\/index.php?rest_route=%2Fwp%2Fv2%2Fproduct_cat&post=917"},{"taxonomy":"product_tag","embeddable":true,"href":"https:\/\/electricidadeaguas.pt\/index.php?rest_route=%2Fwp%2Fv2%2Fproduct_tag&post=917"}],"curies":[{"name":"wp","href":"https:\/\/api.w.org\/{rel}","templated":true}]}}