{"id":942,"date":"2025-04-01T07:52:08","date_gmt":"2025-04-01T07:52:08","guid":{"rendered":"https:\/\/electricidadeaguas.pt\/?post_type=product&#038;p=942"},"modified":"2025-04-01T10:03:35","modified_gmt":"2025-04-01T10:03:35","slug":"catalogo-tev2-acessorios-e-ferramentas","status":"publish","type":"product","link":"https:\/\/electricidadeaguas.pt\/?product=catalogo-tev2-acessorios-e-ferramentas","title":{"rendered":"Cat\u00e1logo TEV2 &#8211; Acess\u00f3rios e Ferramentas"},"content":{"rendered":"<p class=\"\" data-start=\"0\" data-end=\"356\">O <strong data-start=\"2\" data-end=\"46\">Cat\u00e1logo TEV2 \u2013 Acess\u00f3rios e Ferramentas<\/strong> apresenta uma ampla gama de produtos essenciais para a instala\u00e7\u00e3o, manuten\u00e7\u00e3o e otimiza\u00e7\u00e3o de infraestruturas el\u00e9tricas e de telecomunica\u00e7\u00f5es. Os acess\u00f3rios e ferramentas TEV2 foram desenvolvidos para garantir <strong data-start=\"257\" data-end=\"293\">precis\u00e3o, seguran\u00e7a e efici\u00eancia<\/strong>, tornando o trabalho dos profissionais mais r\u00e1pido e eficaz.<\/p>\n<hr class=\"\" data-start=\"358\" data-end=\"361\" \/>\n<h2 class=\"\" data-start=\"363\" data-end=\"436\"><strong data-start=\"366\" data-end=\"434\">Principais Produtos do Cat\u00e1logo de Acess\u00f3rios e Ferramentas TEV2<\/strong><\/h2>\n<h3 class=\"\" data-start=\"438\" data-end=\"491\">\ud83d\udd39 <strong data-start=\"445\" data-end=\"489\">Ferramentas para Instala\u00e7\u00e3o e Manuten\u00e7\u00e3o<\/strong><\/h3>\n<ul data-start=\"492\" data-end=\"698\">\n<li class=\"\" data-start=\"492\" data-end=\"549\">\n<p class=\"\" data-start=\"494\" data-end=\"549\">Alicates de corte, crava\u00e7\u00e3o e descarnadores de cabos.<\/p>\n<\/li>\n<li class=\"\" data-start=\"550\" data-end=\"615\">\n<p class=\"\" data-start=\"552\" data-end=\"615\">Chaves de aperto, torqu\u00edmetros e testadores de conectividade.<\/p>\n<\/li>\n<li class=\"\" data-start=\"616\" data-end=\"698\">\n<p class=\"\" data-start=\"618\" data-end=\"698\">Ferramentas espec\u00edficas para montagem de infraestruturas <strong data-start=\"675\" data-end=\"695\">ITED e el\u00e9tricas<\/strong>.<\/p>\n<\/li>\n<\/ul>\n<h3 class=\"\" data-start=\"700\" data-end=\"744\">\ud83d\udd39 <strong data-start=\"707\" data-end=\"742\">Acess\u00f3rios para Gest\u00e3o de Cabos<\/strong><\/h3>\n<ul data-start=\"745\" data-end=\"942\">\n<li class=\"\" data-start=\"745\" data-end=\"792\">\n<p class=\"\" data-start=\"747\" data-end=\"792\">Guias, organizadores e suportes para cabos.<\/p>\n<\/li>\n<li class=\"\" data-start=\"793\" data-end=\"858\">\n<p class=\"\" data-start=\"795\" data-end=\"858\">Abra\u00e7adeiras, calhas e canaletas para distribui\u00e7\u00e3o eficiente.<\/p>\n<\/li>\n<li class=\"\" data-start=\"859\" data-end=\"942\">\n<p class=\"\" data-start=\"861\" data-end=\"942\">Solu\u00e7\u00f5es para <strong data-start=\"875\" data-end=\"939\">reduzir interfer\u00eancias e melhorar a est\u00e9tica das instala\u00e7\u00f5es<\/strong>.<\/p>\n<\/li>\n<\/ul>\n<h3 class=\"\" data-start=\"944\" data-end=\"990\">\ud83d\udd39 <strong data-start=\"951\" data-end=\"988\">Componentes de Fixa\u00e7\u00e3o e Montagem<\/strong><\/h3>\n<ul data-start=\"991\" data-end=\"1177\">\n<li class=\"\" data-start=\"991\" data-end=\"1042\">\n<p class=\"\" data-start=\"993\" data-end=\"1042\">Suportes para <strong data-start=\"1007\" data-end=\"1039\">arm\u00e1rios e quadros el\u00e9tricos<\/strong>.<\/p>\n<\/li>\n<li class=\"\" data-start=\"1043\" data-end=\"1095\">\n<p class=\"\" data-start=\"1045\" data-end=\"1095\">Parafusos, buchas e outros elementos de fixa\u00e7\u00e3o.<\/p>\n<\/li>\n<li class=\"\" data-start=\"1096\" data-end=\"1177\">\n<p class=\"\" data-start=\"1098\" data-end=\"1177\">Kits de montagem para <strong data-start=\"1120\" data-end=\"1174\">equipamentos de telecomunica\u00e7\u00f5es e redes el\u00e9tricas<\/strong>.<\/p>\n<\/li>\n<\/ul>\n<h3 class=\"\" data-start=\"1179\" data-end=\"1217\">\ud83d\udd39 <strong data-start=\"1186\" data-end=\"1215\">Solu\u00e7\u00f5es de Conectividade<\/strong><\/h3>\n<ul data-start=\"1218\" data-end=\"1419\">\n<li class=\"\" data-start=\"1218\" data-end=\"1285\">\n<p class=\"\" data-start=\"1220\" data-end=\"1285\">Conectores RJ45, tomadas coaxiais e adaptadores de fibra \u00f3tica.<\/p>\n<\/li>\n<li class=\"\" data-start=\"1286\" data-end=\"1335\">\n<p class=\"\" data-start=\"1288\" data-end=\"1335\">R\u00e9guas de distribui\u00e7\u00e3o e blocos de terminais.<\/p>\n<\/li>\n<li class=\"\" data-start=\"1336\" data-end=\"1419\">\n<p class=\"\" data-start=\"1338\" data-end=\"1419\">Patch panels e acess\u00f3rios para <strong data-start=\"1369\" data-end=\"1416\">infraestruturas de redes e telecomunica\u00e7\u00f5es<\/strong>.<\/p>\n<\/li>\n<\/ul>\n<p><a href=\"http:\/\/electricidadeaguas.pt\/wp-content\/uploads\/2025\/04\/Catalogo-TEV2-Acessorios-e-Ferramentas.pdf\">Cat\u00e1logo TEV2 &#8211; Acess\u00f3rios e Ferramentas<\/a><\/p>\n","protected":false},"excerpt":{"rendered":"<p>O Cat\u00e1logo TEV2 \u2013 Acess\u00f3rios e Ferramentas apresenta uma ampla gama de produtos essenciais para a instala\u00e7\u00e3o, manuten\u00e7\u00e3o e otimiza\u00e7\u00e3o de infraestruturas el\u00e9tricas e de telecomunica\u00e7\u00f5es. Os acess\u00f3rios e ferramentas TEV2 foram desenvolvidos para garantir precis\u00e3o, seguran\u00e7a e efici\u00eancia, tornando o trabalho dos profissionais mais r\u00e1pido e eficaz. Principais Produtos do Cat\u00e1logo de Acess\u00f3rios e&hellip;&nbsp;<a href=\"https:\/\/electricidadeaguas.pt\/?product=catalogo-tev2-acessorios-e-ferramentas\" rel=\"bookmark\">Ler mais &raquo;<span class=\"screen-reader-text\">Cat\u00e1logo TEV2 &#8211; Acess\u00f3rios e Ferramentas<\/span><\/a><\/p>\n","protected":false},"featured_media":944,"comment_status":"open","ping_status":"closed","template":"","meta":{"neve_meta_sidebar":"","neve_meta_container":"","neve_meta_enable_content_width":"off","neve_meta_content_width":100,"neve_meta_title_alignment":"","neve_meta_author_avatar":"","neve_post_elements_order":"","neve_meta_disable_header":"","neve_meta_disable_footer":"","neve_meta_disable_title":""},"product_brand":[],"product_cat":[49],"product_tag":[],"class_list":{"0":"post-942","1":"product","2":"type-product","3":"status-publish","4":"has-post-thumbnail","6":"product_cat-tev2","8":"first","9":"instock","10":"virtual","11":"product-type-simple"},"jetpack_sharing_enabled":true,"_links":{"self":[{"href":"https:\/\/electricidadeaguas.pt\/index.php?rest_route=\/wp\/v2\/product\/942","targetHints":{"allow":["GET"]}}],"collection":[{"href":"https:\/\/electricidadeaguas.pt\/index.php?rest_route=\/wp\/v2\/product"}],"about":[{"href":"https:\/\/electricidadeaguas.pt\/index.php?rest_route=\/wp\/v2\/types\/product"}],"replies":[{"embeddable":true,"href":"https:\/\/electricidadeaguas.pt\/index.php?rest_route=%2Fwp%2Fv2%2Fcomments&post=942"}],"wp:featuredmedia":[{"embeddable":true,"href":"https:\/\/electricidadeaguas.pt\/index.php?rest_route=\/wp\/v2\/media\/944"}],"wp:attachment":[{"href":"https:\/\/electricidadeaguas.pt\/index.php?rest_route=%2Fwp%2Fv2%2Fmedia&parent=942"}],"wp:term":[{"taxonomy":"product_brand","embeddable":true,"href":"https:\/\/electricidadeaguas.pt\/index.php?rest_route=%2Fwp%2Fv2%2Fproduct_brand&post=942"},{"taxonomy":"product_cat","embeddable":true,"href":"https:\/\/electricidadeaguas.pt\/index.php?rest_route=%2Fwp%2Fv2%2Fproduct_cat&post=942"},{"taxonomy":"product_tag","embeddable":true,"href":"https:\/\/electricidadeaguas.pt\/index.php?rest_route=%2Fwp%2Fv2%2Fproduct_tag&post=942"}],"curies":[{"name":"wp","href":"https:\/\/api.w.org\/{rel}","templated":true}]}}